{"id":44,"date":"2019-08-16T13:27:11","date_gmt":"2019-08-16T13:27:11","guid":{"rendered":"https:\/\/ss.turism.ee\/?page_id=44"},"modified":"2026-03-05T08:16:14","modified_gmt":"2026-03-05T08:16:14","slug":"ulukitorjevahend-trico","status":"publish","type":"page","link":"https:\/\/systemseparation.ee\/mets\/ulukitorjevahend-trico\/","title":{"rendered":"Ulukit\u00f5rjevahend Trico"},"content":{"rendered":"\n<p>Ulukit\u00f5rjevahend \u201cTrico\u201d on Austria ettev\u00f5tte Kwizda Agro toodang.&nbsp;Baltikumis omab edasim\u00fc\u00fcja \u00f5igusi Systemseparation Ltd.<\/p>\n\n\n\n<p>Repellent on looduslik ning koosneb veest ja lambarasvast. T\u00f5rjeefekti annab l\u00f5hn.&nbsp;Saadaval &nbsp;10 l kanistrites, valmisseguna.<\/p>\n\n\n\n<p>K\u00f5rge efektiivsuse, lihtuse ning kiiruse t\u00f6\u00f6tlemisel tagab seljapritsi kasutamise v\u00f5imalus. V\u00f5ib t\u00f6\u00f6delda nii okas- kui ka lehtpuid.<\/p>\n\n\n\n<p>Kasutatav alates istikust kuni palgipuuni- t\u00fcvepritsimine tagab kaitse koorimise ja sarves\u00fcgamise vastu.&nbsp;Puudub ladva v\u00f5i punga vigastamise oht.<\/p>\n\n\n\n<figure class=\"wp-block-gallery has-nested-images columns-default is-cropped wp-block-gallery-1 is-layout-flex wp-block-gallery-is-layout-flex\">\n<figure class=\"wp-block-image size-large\"><img fetchpriority=\"high\" decoding=\"async\" width=\"683\" height=\"1024\" data-id=\"53\" src=\"https:\/\/ss.turism.ee\/wp-content\/uploads\/2019\/08\/trico-683x1024.jpg\" alt=\"\" class=\"wp-image-53\" srcset=\"https:\/\/systemseparation.ee\/mets\/wp-content\/uploads\/sites\/2\/2019\/08\/trico-683x1024.jpg 683w, https:\/\/systemseparation.ee\/mets\/wp-content\/uploads\/sites\/2\/2019\/08\/trico-200x300.jpg 200w, https:\/\/systemseparation.ee\/mets\/wp-content\/uploads\/sites\/2\/2019\/08\/trico-768x1152.jpg 768w, https:\/\/systemseparation.ee\/mets\/wp-content\/uploads\/sites\/2\/2019\/08\/trico.jpg 1024w\" sizes=\"(max-width: 683px) 100vw, 683px\" \/><\/figure>\n\n\n\n<figure class=\"wp-block-image size-large\"><img decoding=\"async\" width=\"683\" height=\"1024\" data-id=\"91\" src=\"https:\/\/ss.turism.ee\/wp-content\/uploads\/2019\/09\/trico_2-683x1024.jpg\" alt=\"\" class=\"wp-image-91\" srcset=\"https:\/\/systemseparation.ee\/mets\/wp-content\/uploads\/sites\/2\/2019\/09\/trico_2-683x1024.jpg 683w, https:\/\/systemseparation.ee\/mets\/wp-content\/uploads\/sites\/2\/2019\/09\/trico_2-200x300.jpg 200w, https:\/\/systemseparation.ee\/mets\/wp-content\/uploads\/sites\/2\/2019\/09\/trico_2-768x1152.jpg 768w, https:\/\/systemseparation.ee\/mets\/wp-content\/uploads\/sites\/2\/2019\/09\/trico_2.jpg 1024w\" sizes=\"(max-width: 683px) 100vw, 683px\" \/><\/figure>\n\n\n\n<figure class=\"wp-block-image size-large\"><img decoding=\"async\" width=\"681\" height=\"1024\" data-id=\"92\" src=\"https:\/\/ss.turism.ee\/wp-content\/uploads\/2019\/09\/Trico_5l_Etikett_DE-681x1024.png\" alt=\"\" class=\"wp-image-92\" srcset=\"https:\/\/systemseparation.ee\/mets\/wp-content\/uploads\/sites\/2\/2019\/09\/Trico_5l_Etikett_DE-681x1024.png 681w, https:\/\/systemseparation.ee\/mets\/wp-content\/uploads\/sites\/2\/2019\/09\/Trico_5l_Etikett_DE-200x300.png 200w, https:\/\/systemseparation.ee\/mets\/wp-content\/uploads\/sites\/2\/2019\/09\/Trico_5l_Etikett_DE-768x1154.png 768w, https:\/\/systemseparation.ee\/mets\/wp-content\/uploads\/sites\/2\/2019\/09\/Trico_5l_Etikett_DE-1022x1536.png 1022w, https:\/\/systemseparation.ee\/mets\/wp-content\/uploads\/sites\/2\/2019\/09\/Trico_5l_Etikett_DE.png 1024w\" sizes=\"(max-width: 681px) 100vw, 681px\" \/><\/figure>\n<\/figure>\n\n\n\n<p>Istikute kaitseks pritsida ladvakasvusid 1-2 korda aastas ( toime 6-8 kuud) ning vanematel puudel koorimise ja sarves\u00fcgamise t\u00f5rjeks pritsida t\u00fcvesid.<\/p>\n\n\n\n<p>Kinnitub h\u00e4sti taimele, on \u00e4\u00e4rmiselt ilmastikukindel ning t\u00e4nu l\u00f5hnafoonile on peletusefekt k\u00f5rge.<\/p>\n\n\n\n<p>Kulu ladvakasvude t\u00f6\u00f6tlemisel ca 8-10 l\/ha, t\u00fcvepritsimisel 10-20 l\/ha.<\/p>\n\n\n\n<p>Toime on garanteeritud metskitse, hirve ning p\u00f5dra vastu.<\/p>\n\n\n\n<p>Trico on laialdaselt kasutusel ka Rootsi ja Soome metsanduses,kus t\u00e4nu Eestist pikemale kogemusele toetudes v\u00f5ib j\u00e4reldada, et repellendi s\u00fcstemaatiline kasutamine, ka pikema aja v\u00e4ltel, tagab kaitse ulukikahjude eest- s\u00f5ralised ei harju vahendi spetsiifilise l\u00f5hnaga.<\/p>\n\n\n\n<p><strong>Ulukikahjustuste v\u00e4ltimiseks p\u00f5llumajanduses<\/strong>, eelk\u00f5ige rapsi puhul,&nbsp;tuleks Tricot s\u00fcstemaatiliselt kasutada.&nbsp;Kulunorm 15 l\/ha, lahjendatuna 200-300 l vees. Selle kogusega saab teha 4 t\u00f6\u00f6tlemist, 7 p\u00e4evase intervalliga. T\u00e4nu taimede kiirele kasvule ning veega lahjendamisele, kestab toime kuni 14 p\u00e4eva.<\/p>\n\n\n\n<p><mark class=\"has-inline-color has-vivid-cyan-blue-color\"><strong>Hind alates 01.01.2026- <\/strong><\/mark><\/p>\n\n\n\n<p><strong><mark class=\"has-inline-color has-vivid-cyan-blue-color\">kuni 630 l &#8211; 14.5 eur\/l<br>\u00fcle 630 l &#8211; <\/mark> 12.4 eur\/l<\/strong><\/p>\n\n\n\n<p>KAUPA V\u00c4LJASTAME<strong> TALLINNAS, TARTUS, P\u00c4RNUS JA RAKVERES.<\/strong><br>EDASIM\u00dc\u00dcJAD EESTIS:<strong> <\/strong><\/p>\n\n\n\n<ul class=\"wp-block-list\">\n<li><strong>TR\u00c4X O\u00dc, ORISSAARE, SAAREMAA; <\/strong><\/li>\n\n\n\n<li><strong>P\u00d5LVAMAA METSA\u00dcHISTU, P\u00d5LVA<\/strong>; https:\/\/polvamaa.metsauhistu.ee\/kontaktid\/<\/li>\n\n\n\n<li><strong>KESK-EESTI METSA\u00dcHISTU, TARTU<\/strong>; <a href=\"https:\/\/keskeesti.metsauhistu.ee\/kontaktid\/\" target=\"_blank\" rel=\"noreferrer noopener\">https:\/\/keskeesti.metsauhistu.ee\/kontaktid\/<\/a><\/li>\n\n\n\n<li><strong>V\u00d5RUMAA METSA\u00dcHISTU, V\u00d5RU; <\/strong>https:\/\/vorumaa.metsauhistu.ee\/kontaktid\/<\/li>\n\n\n\n<li><strong>VALGAMAA METSA\u00dcHISTU, VALGA; <\/strong>https:\/\/valgamaa.metsauhistu.ee\/kontaktid\/<\/li>\n\n\n\n<li><strong>LOODE-EESTI METSA\u00dcHISTU, HAAPSALU; <\/strong><a href=\"https:\/\/loode-eesti.metsauhistu.ee\/kontaktid\/\" target=\"_blank\" rel=\"noreferrer noopener\">https:\/\/loode-eesti.metsauhistu.ee\/kontaktid\/<\/a><\/li>\n<\/ul>\n\n\n\n<p><\/p>\n\n\n\n<p><\/p>\n\n\n\n<p><\/p>\n\n\n\n<p><\/p>\n\n\n\n<p><\/p>\n\n\n<div class=\"wp-block-image\">\n<figure class=\"alignright\"><a href=\"http:\/\/www.systemseparation.ee\/wp-content\/uploads\/Trico-garden-WildverbissMittel.jpg\"><img loading=\"lazy\" decoding=\"async\" width=\"238\" height=\"300\" src=\"https:\/\/ss.turism.ee\/wp-content\/uploads\/2019\/08\/Trico-garden-WildverbissMittel-238x300.jpg\" alt=\"\" class=\"wp-image-56\" srcset=\"https:\/\/systemseparation.ee\/mets\/wp-content\/uploads\/sites\/2\/2019\/08\/Trico-garden-WildverbissMittel-238x300.jpg 238w, https:\/\/systemseparation.ee\/mets\/wp-content\/uploads\/sites\/2\/2019\/08\/Trico-garden-WildverbissMittel.jpg 595w\" sizes=\"(max-width: 238px) 100vw, 238px\" \/><\/a><\/figure>\n<\/div>\n\n\n<h2 class=\"wp-block-heading\"><strong>TRICO GARDEN<\/strong><\/h2>\n\n\n\n<p>Koduaedade, viljapuude ning dekoratiivtaimede kaitseks ulukite vastu \u2013 Trico Garden. Kasutusvalmis pritsitav, v\u00e4rvitu vedelik.&nbsp;Pakend: 1 l pudel.Kulu 100-200 ml\/ 100m\u00b2.<\/p>\n\n\n\n<p><strong><mark class=\"has-inline-color has-vivid-cyan-blue-color\">Hind- 27.9 eur\/l.<\/mark><\/strong><\/p>\n\n\n\n<p><strong>Aastatel 2011-2013 Eestis, lehise-ning m\u00e4nniistandikes l\u00e4bi viidud ning septembris 2013 ametlikult&nbsp;kinnitud efektiivsuskatsete tulemused, raporti n\u00e4ol:<\/strong>&nbsp;<a href=\"\/wp-content\/uploads\/2019\/08\/Trico-trial.zip\">Trico katseraport.zip<\/a>,&nbsp;<a href=\"\/wp-content\/uploads\/2019\/08\/Pildimaterjal-m\u00e4nnikatsest.zip\">Pildimaterjal m\u00e4nnikatsest.zip<\/a><\/p>\n\n\n\n<p><a href=\"\/wp-content\/uploads\/2019\/08\/Trico-kasutusjuhend.pdf\">Trico kasutusjuhend<\/a><\/p>\n\n\n\n<p><a href=\"\/wp-content\/uploads\/2019\/08\/Trico-Garden-MSDS-Est.pdf\">Trico Garden MSDS Est<\/a><\/p>\n\n\n\n<p><a href=\"\/wp-content\/uploads\/2019\/08\/Trico-Garden-kasutusjuhend.pdf\">Trico Garden kasutusjuhend<\/a><\/p>\n\n\n\n<p><a href=\"\/wp-content\/uploads\/2019\/08\/Trico-Eesti-vaatamiseks.pdf\">Trico Eesti vaatamiseks<\/a><\/p>\n\n\n\n<p><a href=\"\/wp-content\/uploads\/2019\/08\/Trico-esitlus.est_.pdf\">Trico esitlus.est<\/a><\/p>\n","protected":false},"excerpt":{"rendered":"<p>Ulukit\u00f5rjevahend \u201cTrico\u201d on Austria ettev\u00f5tte Kwizda Agro toodang.&nbsp;Baltikumis omab edasim\u00fc\u00fcja \u00f5igusi Systemseparation Ltd. Repellent on looduslik ning koosneb veest ja lambarasvast. T\u00f5rjeefekti annab l\u00f5hn.&nbsp;Saadaval &nbsp;10 l kanistrites, valmisseguna. K\u00f5rge efektiivsuse, lihtuse ning kiiruse t\u00f6\u00f6tlemisel tagab seljapritsi kasutamise v\u00f5imalus. V\u00f5ib t\u00f6\u00f6delda nii okas- kui ka lehtpuid. Kasutatav alates istikust kuni palgipuuni- t\u00fcvepritsimine tagab kaitse koorimise ja [&hellip;]<\/p>\n","protected":false},"author":1,"featured_media":0,"parent":0,"menu_order":0,"comment_status":"closed","ping_status":"closed","template":"","meta":{"_acf_changed":false,"ocean_post_layout":"full-width","ocean_both_sidebars_style":"","ocean_both_sidebars_content_width":0,"ocean_both_sidebars_sidebars_width":0,"ocean_sidebar":"0","ocean_second_sidebar":"0","ocean_disable_margins":"enable","ocean_add_body_class":"","ocean_shortcode_before_top_bar":"","ocean_shortcode_after_top_bar":"","ocean_shortcode_before_header":"","ocean_shortcode_after_header":"","ocean_has_shortcode":"","ocean_shortcode_after_title":"","ocean_shortcode_before_footer_widgets":"","ocean_shortcode_after_footer_widgets":"","ocean_shortcode_before_footer_bottom":"","ocean_shortcode_after_footer_bottom":"","ocean_display_top_bar":"default","ocean_display_header":"default","ocean_header_style":"","ocean_center_header_left_menu":"0","ocean_custom_header_template":"0","ocean_custom_logo":0,"ocean_custom_retina_logo":0,"ocean_custom_logo_max_width":0,"ocean_custom_logo_tablet_max_width":0,"ocean_custom_logo_mobile_max_width":0,"ocean_custom_logo_max_height":0,"ocean_custom_logo_tablet_max_height":0,"ocean_custom_logo_mobile_max_height":0,"ocean_header_custom_menu":"0","ocean_menu_typo_font_family":"0","ocean_menu_typo_font_subset":"","ocean_menu_typo_font_size":0,"ocean_menu_typo_font_size_tablet":0,"ocean_menu_typo_font_size_mobile":0,"ocean_menu_typo_font_size_unit":"px","ocean_menu_typo_font_weight":"","ocean_menu_typo_font_weight_tablet":"","ocean_menu_typo_font_weight_mobile":"","ocean_menu_typo_transform":"","ocean_menu_typo_transform_tablet":"","ocean_menu_typo_transform_mobile":"","ocean_menu_typo_line_height":0,"ocean_menu_typo_line_height_tablet":0,"ocean_menu_typo_line_height_mobile":0,"ocean_menu_typo_line_height_unit":"","ocean_menu_typo_spacing":0,"ocean_menu_typo_spacing_tablet":0,"ocean_menu_typo_spacing_mobile":0,"ocean_menu_typo_spacing_unit":"","ocean_menu_link_color":"","ocean_menu_link_color_hover":"","ocean_menu_link_color_active":"","ocean_menu_link_background":"","ocean_menu_link_hover_background":"","ocean_menu_link_active_background":"","ocean_menu_social_links_bg":"","ocean_menu_social_hover_links_bg":"","ocean_menu_social_links_color":"","ocean_menu_social_hover_links_color":"","ocean_disable_title":"default","ocean_disable_heading":"default","ocean_post_title":"","ocean_post_subheading":"","ocean_post_title_style":"","ocean_post_title_background_color":"","ocean_post_title_background":0,"ocean_post_title_bg_image_position":"","ocean_post_title_bg_image_attachment":"","ocean_post_title_bg_image_repeat":"","ocean_post_title_bg_image_size":"","ocean_post_title_height":0,"ocean_post_title_bg_overlay":0.5,"ocean_post_title_bg_overlay_color":"","ocean_disable_breadcrumbs":"default","ocean_breadcrumbs_color":"","ocean_breadcrumbs_separator_color":"","ocean_breadcrumbs_links_color":"","ocean_breadcrumbs_links_hover_color":"","ocean_display_footer_widgets":"default","ocean_display_footer_bottom":"default","ocean_custom_footer_template":"0","footnotes":""},"class_list":["post-44","page","type-page","status-publish","hentry","entry"],"acf":[],"_links":{"self":[{"href":"https:\/\/systemseparation.ee\/mets\/wp-json\/wp\/v2\/pages\/44","targetHints":{"allow":["GET"]}}],"collection":[{"href":"https:\/\/systemseparation.ee\/mets\/wp-json\/wp\/v2\/pages"}],"about":[{"href":"https:\/\/systemseparation.ee\/mets\/wp-json\/wp\/v2\/types\/page"}],"author":[{"embeddable":true,"href":"https:\/\/systemseparation.ee\/mets\/wp-json\/wp\/v2\/users\/1"}],"replies":[{"embeddable":true,"href":"https:\/\/systemseparation.ee\/mets\/wp-json\/wp\/v2\/comments?post=44"}],"version-history":[{"count":6,"href":"https:\/\/systemseparation.ee\/mets\/wp-json\/wp\/v2\/pages\/44\/revisions"}],"predecessor-version":[{"id":1070,"href":"https:\/\/systemseparation.ee\/mets\/wp-json\/wp\/v2\/pages\/44\/revisions\/1070"}],"wp:attachment":[{"href":"https:\/\/systemseparation.ee\/mets\/wp-json\/wp\/v2\/media?parent=44"}],"curies":[{"name":"wp","href":"https:\/\/api.w.org\/{rel}","templated":true}]}}