{"id":890,"date":"2024-10-10T15:42:30","date_gmt":"2024-10-10T15:42:30","guid":{"rendered":"https:\/\/systemseparation.ee\/mets\/?page_id=890"},"modified":"2024-11-08T08:57:33","modified_gmt":"2024-11-08T08:57:33","slug":"hinnakiri-2025","status":"publish","type":"page","link":"https:\/\/systemseparation.ee\/mets\/hinnakiri-2025\/","title":{"rendered":"Hinnakiri 2025"},"content":{"rendered":"\n<figure class=\"wp-block-table is-style-stripes\"><table><tbody><tr><td><strong>Taimet\u00fc\u00fcp<\/strong><\/td><td><strong>Kogus<\/strong> <br><strong>kuni 10 000 tk<\/strong><\/td><td><strong>Kogus<\/strong><br><strong>\u00fcle 10 000 tk<\/strong><\/td><\/tr><tr><td>Hariliku kuuse avajuurne taim<br><em>Picea abies<\/em> <\/td><td>0.24 eur<\/td><td>Hind kokkuleppel<\/td><\/tr><tr><td>Eurojaapani lehise avajuurne taim<br><em>Larix x eurolepis &nbsp;<\/em><br><em>Vanus 2 a (1+1), k\u00f5rgus 25-50 cm&nbsp;<\/em> <br><strong>NB! l\u00e4bi m\u00fc\u00fcdud<\/strong><\/td><td><br>  0.85 eur<\/td><td><br><\/td><\/tr><tr><td>M\u00e4nni avajuurne taim<br><em>Pinus sylvestris<\/em><br><em>Vanus 2 a  (1+1), k\u00f5rgus 12+ cm<\/em><\/td><td><br>0.18 eur<\/td><td><br>0.17 eur<\/td><\/tr><tr><td>Arukase avajuurne taim<br><em>Betula pendula<\/em><br>Vanus 2 a (1+1), k\u00f5rgus 40+ cm<\/td><td><br>0.27 eur<\/td><td><br>0.26 eur<\/td><\/tr><tr><td>Musta lepa avajuurne taim<br><em>Alnus glutinosa<\/em><br>Vanus 2 a (1+1), k\u00f5rgus 40+cm.<\/td><td>0.27 eur<\/td><td>0.26 eur<\/td><\/tr><\/tbody><\/table><\/figure>\n\n\n\n<p>Hindadele lisandub k\u00e4ibemaks 22%.<br>Hinnad sisaldavad pakendit ning transporti ostja lattu.<\/p>\n","protected":false},"excerpt":{"rendered":"<p>Taimet\u00fc\u00fcp Kogus kuni 10 000 tk Kogus\u00fcle 10 000 tk Hariliku kuuse avajuurne taimPicea abies 0.24 eur Hind kokkuleppel Eurojaapani lehise avajuurne taimLarix x eurolepis &nbsp;Vanus 2 a (1+1), k\u00f5rgus 25-50 cm&nbsp; NB! l\u00e4bi m\u00fc\u00fcdud 0.85 eur M\u00e4nni avajuurne taimPinus sylvestrisVanus 2 a (1+1), k\u00f5rgus 12+ cm 0.18 eur 0.17 eur Arukase avajuurne taimBetula pendulaVanus [&hellip;]<\/p>\n","protected":false},"author":1,"featured_media":0,"parent":0,"menu_order":0,"comment_status":"closed","ping_status":"closed","template":"","meta":{"_acf_changed":false,"ocean_post_layout":"","ocean_both_sidebars_style":"","ocean_both_sidebars_content_width":0,"ocean_both_sidebars_sidebars_width":0,"ocean_sidebar":"","ocean_second_sidebar":"","ocean_disable_margins":"enable","ocean_add_body_class":"","ocean_shortcode_before_top_bar":"","ocean_shortcode_after_top_bar":"","ocean_shortcode_before_header":"","ocean_shortcode_after_header":"","ocean_has_shortcode":"","ocean_shortcode_after_title":"","ocean_shortcode_before_footer_widgets":"","ocean_shortcode_after_footer_widgets":"","ocean_shortcode_before_footer_bottom":"","ocean_shortcode_after_footer_bottom":"","ocean_display_top_bar":"default","ocean_display_header":"default","ocean_header_style":"","ocean_center_header_left_menu":"","ocean_custom_header_template":"","ocean_custom_logo":0,"ocean_custom_retina_logo":0,"ocean_custom_logo_max_width":0,"ocean_custom_logo_tablet_max_width":0,"ocean_custom_logo_mobile_max_width":0,"ocean_custom_logo_max_height":0,"ocean_custom_logo_tablet_max_height":0,"ocean_custom_logo_mobile_max_height":0,"ocean_header_custom_menu":"","ocean_menu_typo_font_family":"","ocean_menu_typo_font_subset":"","ocean_menu_typo_font_size":0,"ocean_menu_typo_font_size_tablet":0,"ocean_menu_typo_font_size_mobile":0,"ocean_menu_typo_font_size_unit":"px","ocean_menu_typo_font_weight":"","ocean_menu_typo_font_weight_tablet":"","ocean_menu_typo_font_weight_mobile":"","ocean_menu_typo_transform":"","ocean_menu_typo_transform_tablet":"","ocean_menu_typo_transform_mobile":"","ocean_menu_typo_line_height":0,"ocean_menu_typo_line_height_tablet":0,"ocean_menu_typo_line_height_mobile":0,"ocean_menu_typo_line_height_unit":"","ocean_menu_typo_spacing":0,"ocean_menu_typo_spacing_tablet":0,"ocean_menu_typo_spacing_mobile":0,"ocean_menu_typo_spacing_unit":"","ocean_menu_link_color":"","ocean_menu_link_color_hover":"","ocean_menu_link_color_active":"","ocean_menu_link_background":"","ocean_menu_link_hover_background":"","ocean_menu_link_active_background":"","ocean_menu_social_links_bg":"","ocean_menu_social_hover_links_bg":"","ocean_menu_social_links_color":"","ocean_menu_social_hover_links_color":"","ocean_disable_title":"default","ocean_disable_heading":"default","ocean_post_title":"","ocean_post_subheading":"","ocean_post_title_style":"","ocean_post_title_background_color":"","ocean_post_title_background":0,"ocean_post_title_bg_image_position":"","ocean_post_title_bg_image_attachment":"","ocean_post_title_bg_image_repeat":"","ocean_post_title_bg_image_size":"","ocean_post_title_height":0,"ocean_post_title_bg_overlay":0.5,"ocean_post_title_bg_overlay_color":"","ocean_disable_breadcrumbs":"default","ocean_breadcrumbs_color":"","ocean_breadcrumbs_separator_color":"","ocean_breadcrumbs_links_color":"","ocean_breadcrumbs_links_hover_color":"","ocean_display_footer_widgets":"default","ocean_display_footer_bottom":"default","ocean_custom_footer_template":"","footnotes":""},"class_list":["post-890","page","type-page","status-publish","hentry","entry"],"acf":[],"_links":{"self":[{"href":"https:\/\/systemseparation.ee\/mets\/wp-json\/wp\/v2\/pages\/890","targetHints":{"allow":["GET"]}}],"collection":[{"href":"https:\/\/systemseparation.ee\/mets\/wp-json\/wp\/v2\/pages"}],"about":[{"href":"https:\/\/systemseparation.ee\/mets\/wp-json\/wp\/v2\/types\/page"}],"author":[{"embeddable":true,"href":"https:\/\/systemseparation.ee\/mets\/wp-json\/wp\/v2\/users\/1"}],"replies":[{"embeddable":true,"href":"https:\/\/systemseparation.ee\/mets\/wp-json\/wp\/v2\/comments?post=890"}],"version-history":[{"count":1,"href":"https:\/\/systemseparation.ee\/mets\/wp-json\/wp\/v2\/pages\/890\/revisions"}],"predecessor-version":[{"id":891,"href":"https:\/\/systemseparation.ee\/mets\/wp-json\/wp\/v2\/pages\/890\/revisions\/891"}],"wp:attachment":[{"href":"https:\/\/systemseparation.ee\/mets\/wp-json\/wp\/v2\/media?parent=890"}],"curies":[{"name":"wp","href":"https:\/\/api.w.org\/{rel}","templated":true}]}}