{"id":894,"date":"2024-10-10T18:27:43","date_gmt":"2024-10-10T18:27:43","guid":{"rendered":"https:\/\/systemseparation.ee\/mets\/?page_id=894"},"modified":"2025-02-22T08:10:59","modified_gmt":"2025-02-22T08:10:59","slug":"om-oss-2","status":"publish","type":"page","link":"https:\/\/systemseparation.ee\/mets\/sv\/om-oss-2\/","title":{"rendered":"Om oss"},"content":{"rendered":"\n<p>Systemseparation Ltd (grundat 2004 i Storbritannien) sysslar med odling av skogsplantor i Tyskland.\u00a0V\u00e5r huvudmarknad \u00e4r Sverige d\u00e4r vi \u00e4r verksamma med odling och marknadsf\u00f6ring av olika skogsplantor baserat p\u00e5 l\u00e5ngsiktiga avtal. Vi erbjuder \u00e4ven tj\u00e4nster f\u00f6r plantering och hantering av n\u00e4mnda skogsplantor.\u00a0Vi erbjuder integrerade l\u00f6sningar f\u00f6r skogs\u00e4gare vilka omfattar odling av h\u00f6gkvalitativa skogsplantor (barrotsplantor), transport, plantering och deras vidare hantering.<\/p>\n\n\n\n<p>F\u00f6retaget \u00e4r registrerat i Estlands v\u00e4xtskyddsregister under nr 3450.<\/p>\n","protected":false},"excerpt":{"rendered":"<p>Systemseparation Ltd (grundat 2004 i Storbritannien) sysslar med odling av skogsplantor i Tyskland.\u00a0V\u00e5r huvudmarknad \u00e4r Sverige d\u00e4r vi \u00e4r verksamma med odling och marknadsf\u00f6ring av olika skogsplantor baserat p\u00e5 l\u00e5ngsiktiga avtal. Vi erbjuder \u00e4ven tj\u00e4nster f\u00f6r plantering och hantering av n\u00e4mnda skogsplantor.\u00a0Vi erbjuder integrerade l\u00f6sningar f\u00f6r skogs\u00e4gare vilka omfattar odling av h\u00f6gkvalitativa skogsplantor (barrotsplantor), transport, [&hellip;]<\/p>\n","protected":false},"author":1,"featured_media":0,"parent":0,"menu_order":0,"comment_status":"closed","ping_status":"closed","template":"","meta":{"_acf_changed":false,"ocean_post_layout":"full-width","ocean_both_sidebars_style":"","ocean_both_sidebars_content_width":0,"ocean_both_sidebars_sidebars_width":0,"ocean_sidebar":"0","ocean_second_sidebar":"0","ocean_disable_margins":"enable","ocean_add_body_class":"","ocean_shortcode_before_top_bar":"","ocean_shortcode_after_top_bar":"","ocean_shortcode_before_header":"","ocean_shortcode_after_header":"","ocean_has_shortcode":"","ocean_shortcode_after_title":"","ocean_shortcode_before_footer_widgets":"","ocean_shortcode_after_footer_widgets":"","ocean_shortcode_before_footer_bottom":"","ocean_shortcode_after_footer_bottom":"","ocean_display_top_bar":"default","ocean_display_header":"default","ocean_header_style":"","ocean_center_header_left_menu":"0","ocean_custom_header_template":"0","ocean_custom_logo":0,"ocean_custom_retina_logo":0,"ocean_custom_logo_max_width":0,"ocean_custom_logo_tablet_max_width":0,"ocean_custom_logo_mobile_max_width":0,"ocean_custom_logo_max_height":0,"ocean_custom_logo_tablet_max_height":0,"ocean_custom_logo_mobile_max_height":0,"ocean_header_custom_menu":"0","ocean_menu_typo_font_family":"0","ocean_menu_typo_font_subset":"","ocean_menu_typo_font_size":0,"ocean_menu_typo_font_size_tablet":0,"ocean_menu_typo_font_size_mobile":0,"ocean_menu_typo_font_size_unit":"px","ocean_menu_typo_font_weight":"","ocean_menu_typo_font_weight_tablet":"","ocean_menu_typo_font_weight_mobile":"","ocean_menu_typo_transform":"","ocean_menu_typo_transform_tablet":"","ocean_menu_typo_transform_mobile":"","ocean_menu_typo_line_height":0,"ocean_menu_typo_line_height_tablet":0,"ocean_menu_typo_line_height_mobile":0,"ocean_menu_typo_line_height_unit":"","ocean_menu_typo_spacing":0,"ocean_menu_typo_spacing_tablet":0,"ocean_menu_typo_spacing_mobile":0,"ocean_menu_typo_spacing_unit":"","ocean_menu_link_color":"","ocean_menu_link_color_hover":"","ocean_menu_link_color_active":"","ocean_menu_link_background":"","ocean_menu_link_hover_background":"","ocean_menu_link_active_background":"","ocean_menu_social_links_bg":"","ocean_menu_social_hover_links_bg":"","ocean_menu_social_links_color":"","ocean_menu_social_hover_links_color":"","ocean_disable_title":"default","ocean_disable_heading":"default","ocean_post_title":"","ocean_post_subheading":"","ocean_post_title_style":"","ocean_post_title_background_color":"","ocean_post_title_background":0,"ocean_post_title_bg_image_position":"","ocean_post_title_bg_image_attachment":"","ocean_post_title_bg_image_repeat":"","ocean_post_title_bg_image_size":"","ocean_post_title_height":0,"ocean_post_title_bg_overlay":0.5,"ocean_post_title_bg_overlay_color":"","ocean_disable_breadcrumbs":"default","ocean_breadcrumbs_color":"","ocean_breadcrumbs_separator_color":"","ocean_breadcrumbs_links_color":"","ocean_breadcrumbs_links_hover_color":"","ocean_display_footer_widgets":"default","ocean_display_footer_bottom":"default","ocean_custom_footer_template":"0","footnotes":""},"class_list":["post-894","page","type-page","status-publish","hentry","entry"],"acf":[],"_links":{"self":[{"href":"https:\/\/systemseparation.ee\/mets\/wp-json\/wp\/v2\/pages\/894","targetHints":{"allow":["GET"]}}],"collection":[{"href":"https:\/\/systemseparation.ee\/mets\/wp-json\/wp\/v2\/pages"}],"about":[{"href":"https:\/\/systemseparation.ee\/mets\/wp-json\/wp\/v2\/types\/page"}],"author":[{"embeddable":true,"href":"https:\/\/systemseparation.ee\/mets\/wp-json\/wp\/v2\/users\/1"}],"replies":[{"embeddable":true,"href":"https:\/\/systemseparation.ee\/mets\/wp-json\/wp\/v2\/comments?post=894"}],"version-history":[{"count":3,"href":"https:\/\/systemseparation.ee\/mets\/wp-json\/wp\/v2\/pages\/894\/revisions"}],"predecessor-version":[{"id":1041,"href":"https:\/\/systemseparation.ee\/mets\/wp-json\/wp\/v2\/pages\/894\/revisions\/1041"}],"wp:attachment":[{"href":"https:\/\/systemseparation.ee\/mets\/wp-json\/wp\/v2\/media?parent=894"}],"curies":[{"name":"wp","href":"https:\/\/api.w.org\/{rel}","templated":true}]}}