{"id":898,"date":"2024-10-10T18:29:29","date_gmt":"2024-10-10T18:29:29","guid":{"rendered":"https:\/\/systemseparation.ee\/mets\/?page_id=898"},"modified":"2025-12-04T08:54:01","modified_gmt":"2025-12-04T08:54:01","slug":"kontakt-2","status":"publish","type":"page","link":"https:\/\/systemseparation.ee\/mets\/sv\/kontakt-2\/","title":{"rendered":"Kontakt"},"content":{"rendered":"\n<div class=\"wp-block-columns has-2-columns is-layout-flex wp-container-core-columns-is-layout-9d6595d7 wp-block-columns-is-layout-flex\">\n<div class=\"wp-block-column is-layout-flow wp-block-column-is-layout-flow\">\n<p><strong>Systemseparation Ltd<\/strong><br>Huvudkontor:<br>9a Tinto Place, Edinburgh<br>Lothian, Storbritannien<br>Org.nr: SC271527<br>Postadress: Uus 57-4<br>Tartu 50603, Estland<br>Momsreg.nr: EE101130646<br>E-post:&nbsp;<a href=\"mailto:info@systemseparation.ee\">info@systemseparation.ee<\/a><\/p>\n<\/div>\n\n\n\n<div class=\"wp-block-column is-layout-flow wp-block-column-is-layout-flow\">\n<p><strong>Tanel Vaasma<\/strong><br>Mobil: +37255526619<\/p>\n\n\n\n<p><strong>Ain Piller<\/strong><br>Mobil: +37258222000<\/p>\n\n\n\n<p><\/p>\n<\/div>\n<\/div>\n\n\n\n<div class=\"wp-block-columns has-2-columns is-layout-flex wp-container-core-columns-is-layout-9d6595d7 wp-block-columns-is-layout-flex\">\n<div class=\"wp-block-column is-layout-flow wp-block-column-is-layout-flow\">\n<p><strong>Partner och \u00e5terf\u00f6rs\u00e4ljare i Litauen:<\/strong><br>UAB \u201cParku Technika\u201d<br>Raudondvario pl. 76 , Kaunas<br>Mob: +370 614 79468<br>E-post:&nbsp;<a href=\"mailto:info@parkutechnika.lt\">info@parkutechnika.lt<\/a><br><a href=\"http:\/\/miskams.parkutechnika.lt\/\" target=\"_blank\" rel=\"noreferrer noopener\" aria-label=\"http:\/\/miskams.parkutechnika.lt\/ (opens in a new tab)\">http:\/\/miskams.parkutechnika.lt\/<\/a><\/p>\n<\/div>\n\n\n\n<div class=\"wp-block-column is-layout-flow wp-block-column-is-layout-flow\">\n<p><strong>Partner och \u00e5terf\u00f6rs\u00e4ljare i Lettland:<\/strong><br>\u201cAmerican Equipment&amp;Supply\u201d Ltd<br>1\/18 Lomonosova g. Riga<br>LV-1019, Lettland<br>Mob:&nbsp;<a rel=\"noreferrer noopener\" href=\"tel:%2B37167100542\" target=\"_blank\">+37167100542<\/a><br>E-post: <a rel=\"noreferrer noopener\" href=\"mailto:info@aes.lv\" target=\"_blank\">info@aes.lv<\/a>&nbsp;&nbsp;&nbsp;&nbsp;&nbsp;&nbsp;&nbsp;<\/p>\n<\/div>\n<\/div>\n","protected":false},"excerpt":{"rendered":"<p>Systemseparation LtdHuvudkontor:9a Tinto Place, EdinburghLothian, StorbritannienOrg.nr: SC271527Postadress: Uus 57-4Tartu 50603, EstlandMomsreg.nr: EE101130646E-post:&nbsp;info@systemseparation.ee Tanel VaasmaMobil: +37255526619 Ain PillerMobil: +37258222000 Partner och \u00e5terf\u00f6rs\u00e4ljare i Litauen:UAB \u201cParku Technika\u201dRaudondvario pl. 76 , KaunasMob: +370 614 79468E-post:&nbsp;info@parkutechnika.lthttp:\/\/miskams.parkutechnika.lt\/ Partner och \u00e5terf\u00f6rs\u00e4ljare i Lettland:\u201cAmerican Equipment&amp;Supply\u201d Ltd1\/18 Lomonosova g. RigaLV-1019, LettlandMob:&nbsp;+37167100542E-post: info@aes.lv&nbsp;&nbsp;&nbsp;&nbsp;&nbsp;&nbsp;&nbsp;<\/p>\n","protected":false},"author":1,"featured_media":0,"parent":0,"menu_order":0,"comment_status":"closed","ping_status":"closed","template":"","meta":{"_acf_changed":false,"ocean_post_layout":"full-width","ocean_both_sidebars_style":"","ocean_both_sidebars_content_width":0,"ocean_both_sidebars_sidebars_width":0,"ocean_sidebar":"0","ocean_second_sidebar":"0","ocean_disable_margins":"enable","ocean_add_body_class":"","ocean_shortcode_before_top_bar":"","ocean_shortcode_after_top_bar":"","ocean_shortcode_before_header":"","ocean_shortcode_after_header":"","ocean_has_shortcode":"","ocean_shortcode_after_title":"","ocean_shortcode_before_footer_widgets":"","ocean_shortcode_after_footer_widgets":"","ocean_shortcode_before_footer_bottom":"","ocean_shortcode_after_footer_bottom":"","ocean_display_top_bar":"default","ocean_display_header":"default","ocean_header_style":"","ocean_center_header_left_menu":"","ocean_custom_header_template":"","ocean_custom_logo":0,"ocean_custom_retina_logo":0,"ocean_custom_logo_max_width":0,"ocean_custom_logo_tablet_max_width":0,"ocean_custom_logo_mobile_max_width":0,"ocean_custom_logo_max_height":0,"ocean_custom_logo_tablet_max_height":0,"ocean_custom_logo_mobile_max_height":0,"ocean_header_custom_menu":"0","ocean_menu_typo_font_family":"","ocean_menu_typo_font_subset":"","ocean_menu_typo_font_size":0,"ocean_menu_typo_font_size_tablet":0,"ocean_menu_typo_font_size_mobile":0,"ocean_menu_typo_font_size_unit":"px","ocean_menu_typo_font_weight":"","ocean_menu_typo_font_weight_tablet":"","ocean_menu_typo_font_weight_mobile":"","ocean_menu_typo_transform":"","ocean_menu_typo_transform_tablet":"","ocean_menu_typo_transform_mobile":"","ocean_menu_typo_line_height":0,"ocean_menu_typo_line_height_tablet":0,"ocean_menu_typo_line_height_mobile":0,"ocean_menu_typo_line_height_unit":"","ocean_menu_typo_spacing":0,"ocean_menu_typo_spacing_tablet":0,"ocean_menu_typo_spacing_mobile":0,"ocean_menu_typo_spacing_unit":"","ocean_menu_link_color":"","ocean_menu_link_color_hover":"","ocean_menu_link_color_active":"","ocean_menu_link_background":"","ocean_menu_link_hover_background":"","ocean_menu_link_active_background":"","ocean_menu_social_links_bg":"","ocean_menu_social_hover_links_bg":"","ocean_menu_social_links_color":"","ocean_menu_social_hover_links_color":"","ocean_disable_title":"default","ocean_disable_heading":"default","ocean_post_title":"","ocean_post_subheading":"","ocean_post_title_style":"background-image","ocean_post_title_background_color":"","ocean_post_title_background":0,"ocean_post_title_bg_image_position":"","ocean_post_title_bg_image_attachment":"","ocean_post_title_bg_image_repeat":"","ocean_post_title_bg_image_size":"","ocean_post_title_height":0,"ocean_post_title_bg_overlay":0.5,"ocean_post_title_bg_overlay_color":"","ocean_disable_breadcrumbs":"default","ocean_breadcrumbs_color":"","ocean_breadcrumbs_separator_color":"","ocean_breadcrumbs_links_color":"","ocean_breadcrumbs_links_hover_color":"","ocean_display_footer_widgets":"default","ocean_display_footer_bottom":"default","ocean_custom_footer_template":"","footnotes":""},"class_list":["post-898","page","type-page","status-publish","hentry","entry"],"acf":[],"_links":{"self":[{"href":"https:\/\/systemseparation.ee\/mets\/wp-json\/wp\/v2\/pages\/898","targetHints":{"allow":["GET"]}}],"collection":[{"href":"https:\/\/systemseparation.ee\/mets\/wp-json\/wp\/v2\/pages"}],"about":[{"href":"https:\/\/systemseparation.ee\/mets\/wp-json\/wp\/v2\/types\/page"}],"author":[{"embeddable":true,"href":"https:\/\/systemseparation.ee\/mets\/wp-json\/wp\/v2\/users\/1"}],"replies":[{"embeddable":true,"href":"https:\/\/systemseparation.ee\/mets\/wp-json\/wp\/v2\/comments?post=898"}],"version-history":[{"count":5,"href":"https:\/\/systemseparation.ee\/mets\/wp-json\/wp\/v2\/pages\/898\/revisions"}],"predecessor-version":[{"id":1064,"href":"https:\/\/systemseparation.ee\/mets\/wp-json\/wp\/v2\/pages\/898\/revisions\/1064"}],"wp:attachment":[{"href":"https:\/\/systemseparation.ee\/mets\/wp-json\/wp\/v2\/media?parent=898"}],"curies":[{"name":"wp","href":"https:\/\/api.w.org\/{rel}","templated":true}]}}