{"id":902,"date":"2024-10-10T18:30:48","date_gmt":"2024-10-10T18:30:48","guid":{"rendered":"https:\/\/systemseparation.ee\/mets\/?page_id=902"},"modified":"2024-10-10T18:30:48","modified_gmt":"2024-10-10T18:30:48","slug":"plantsortiment-2","status":"publish","type":"page","link":"https:\/\/systemseparation.ee\/mets\/sv\/plantsortiment-2\/","title":{"rendered":"Plantsortiment"},"content":{"rendered":"\n<h2 class=\"wp-block-heading\">Barrot Gran<\/h2>\n\n\n\n<p><em>Picea abies<\/em><\/p>\n\n\n\n<p>Emmaboda, Vitebsk, Nordost.<\/p>\n\n\n\n<p>H\u00f6jd 25 \u2013 50 cm. \u00c5lder 3 \u00e5r (1+2) och 4 \u00e5r (2+2).<\/p>\n\n\n\n<figure class=\"wp-block-gallery has-nested-images columns-default is-cropped wp-block-gallery-1 is-layout-flex wp-block-gallery-is-layout-flex\">\n<figure class=\"wp-block-image\"><img fetchpriority=\"high\" decoding=\"async\" width=\"1024\" height=\"682\" data-id=\"63\" src=\"https:\/\/old.systemseparation.ee\/wp-content\/uploads\/2019\/09\/harilik_kuusk-1024x682.png\" alt=\"\" class=\"wp-image-63\" srcset=\"https:\/\/systemseparation.ee\/mets\/wp-content\/uploads\/sites\/2\/2019\/09\/harilik_kuusk-1024x682.png 1024w, https:\/\/systemseparation.ee\/mets\/wp-content\/uploads\/sites\/2\/2019\/09\/harilik_kuusk-300x200.png 300w, https:\/\/systemseparation.ee\/mets\/wp-content\/uploads\/sites\/2\/2019\/09\/harilik_kuusk-768x512.png 768w, https:\/\/systemseparation.ee\/mets\/wp-content\/uploads\/sites\/2\/2019\/09\/harilik_kuusk.png 1280w\" sizes=\"(max-width: 1024px) 100vw, 1024px\" \/><\/figure>\n\n\n\n<figure class=\"wp-block-image\"><img decoding=\"async\" width=\"1024\" height=\"576\" data-id=\"64\" src=\"https:\/\/old.systemseparation.ee\/wp-content\/uploads\/2019\/09\/20150410_102646_RichtoneHDR-1024x576.jpg\" alt=\"\" class=\"wp-image-64\" srcset=\"https:\/\/systemseparation.ee\/mets\/wp-content\/uploads\/sites\/2\/2019\/09\/20150410_102646_RichtoneHDR-1024x576.jpg 1024w, https:\/\/systemseparation.ee\/mets\/wp-content\/uploads\/sites\/2\/2019\/09\/20150410_102646_RichtoneHDR-300x169.jpg 300w, https:\/\/systemseparation.ee\/mets\/wp-content\/uploads\/sites\/2\/2019\/09\/20150410_102646_RichtoneHDR-768x432.jpg 768w, https:\/\/systemseparation.ee\/mets\/wp-content\/uploads\/sites\/2\/2019\/09\/20150410_102646_RichtoneHDR-1536x864.jpg 1536w, https:\/\/systemseparation.ee\/mets\/wp-content\/uploads\/sites\/2\/2019\/09\/20150410_102646_RichtoneHDR-2048x1152.jpg 2048w, https:\/\/systemseparation.ee\/mets\/wp-content\/uploads\/sites\/2\/2019\/09\/20150410_102646_RichtoneHDR-800x450.jpg 800w\" sizes=\"(max-width: 1024px) 100vw, 1024px\" \/><\/figure>\n\n\n\n<figure class=\"wp-block-image\"><img decoding=\"async\" width=\"576\" height=\"1024\" data-id=\"65\" src=\"https:\/\/old.systemseparation.ee\/wp-content\/uploads\/2019\/09\/20150418_094614_RichtoneHDRuus-576x1024.jpg\" alt=\"\" class=\"wp-image-65\" srcset=\"https:\/\/systemseparation.ee\/mets\/wp-content\/uploads\/sites\/2\/2019\/09\/20150418_094614_RichtoneHDRuus-576x1024.jpg 576w, https:\/\/systemseparation.ee\/mets\/wp-content\/uploads\/sites\/2\/2019\/09\/20150418_094614_RichtoneHDRuus-169x300.jpg 169w, https:\/\/systemseparation.ee\/mets\/wp-content\/uploads\/sites\/2\/2019\/09\/20150418_094614_RichtoneHDRuus-768x1365.jpg 768w, https:\/\/systemseparation.ee\/mets\/wp-content\/uploads\/sites\/2\/2019\/09\/20150418_094614_RichtoneHDRuus-864x1536.jpg 864w, https:\/\/systemseparation.ee\/mets\/wp-content\/uploads\/sites\/2\/2019\/09\/20150418_094614_RichtoneHDRuus-1152x2048.jpg 1152w, https:\/\/systemseparation.ee\/mets\/wp-content\/uploads\/sites\/2\/2019\/09\/20150418_094614_RichtoneHDRuus-scaled.jpg 1440w\" sizes=\"(max-width: 576px) 100vw, 576px\" \/><\/figure>\n<\/figure>\n\n\n\n<h2 class=\"wp-block-heading\">Barrot hybridl\u00e4rk<\/h2>\n\n\n\n<p><em>Larix x eurolepis<\/em><\/p>\n\n\n\n<p>FP203 Holbaek, Maglehem<\/p>\n\n\n\n<p>H\u00f6jd 25 \u2013 50 cm och 51 \u2013 80 cm. \u00c5lder 2 \u00e5r (1+1).<\/p>\n\n\n\n<figure class=\"wp-block-gallery has-nested-images columns-default is-cropped wp-block-gallery-2 is-layout-flex wp-block-gallery-is-layout-flex\">\n<figure class=\"wp-block-image\"><img decoding=\"async\" data-id=\"68\" src=\"https:\/\/old.systemseparation.ee\/wp-content\/uploads\/2019\/09\/eurojaani_lehis-1024x768.jpg\" alt=\"\" class=\"wp-image-68\"\/><\/figure>\n\n\n\n<figure class=\"wp-block-image\"><img loading=\"lazy\" decoding=\"async\" width=\"683\" height=\"1024\" data-id=\"69\" src=\"https:\/\/old.systemseparation.ee\/wp-content\/uploads\/2019\/09\/DSC0983-683x1024.jpg\" alt=\"\" class=\"wp-image-69\" srcset=\"https:\/\/systemseparation.ee\/mets\/wp-content\/uploads\/sites\/2\/2019\/09\/DSC0983-683x1024.jpg 683w, https:\/\/systemseparation.ee\/mets\/wp-content\/uploads\/sites\/2\/2019\/09\/DSC0983-200x300.jpg 200w, https:\/\/systemseparation.ee\/mets\/wp-content\/uploads\/sites\/2\/2019\/09\/DSC0983-768x1152.jpg 768w, https:\/\/systemseparation.ee\/mets\/wp-content\/uploads\/sites\/2\/2019\/09\/DSC0983-1024x1536.jpg 1024w, https:\/\/systemseparation.ee\/mets\/wp-content\/uploads\/sites\/2\/2019\/09\/DSC0983-1365x2048.jpg 1365w, https:\/\/systemseparation.ee\/mets\/wp-content\/uploads\/sites\/2\/2019\/09\/DSC0983-scaled.jpg 1707w\" sizes=\"(max-width: 683px) 100vw, 683px\" \/><\/figure>\n\n\n\n<figure class=\"wp-block-image\"><img loading=\"lazy\" decoding=\"async\" width=\"683\" height=\"1024\" data-id=\"70\" src=\"https:\/\/old.systemseparation.ee\/wp-content\/uploads\/2019\/09\/DSC0994-683x1024.jpg\" alt=\"\" class=\"wp-image-70\" srcset=\"https:\/\/systemseparation.ee\/mets\/wp-content\/uploads\/sites\/2\/2019\/09\/DSC0994-683x1024.jpg 683w, https:\/\/systemseparation.ee\/mets\/wp-content\/uploads\/sites\/2\/2019\/09\/DSC0994-200x300.jpg 200w, https:\/\/systemseparation.ee\/mets\/wp-content\/uploads\/sites\/2\/2019\/09\/DSC0994-768x1152.jpg 768w, https:\/\/systemseparation.ee\/mets\/wp-content\/uploads\/sites\/2\/2019\/09\/DSC0994-1024x1536.jpg 1024w, https:\/\/systemseparation.ee\/mets\/wp-content\/uploads\/sites\/2\/2019\/09\/DSC0994-1365x2048.jpg 1365w, https:\/\/systemseparation.ee\/mets\/wp-content\/uploads\/sites\/2\/2019\/09\/DSC0994-scaled.jpg 1707w\" sizes=\"(max-width: 683px) 100vw, 683px\" \/><\/figure>\n<\/figure>\n","protected":false},"excerpt":{"rendered":"<p>Barrot Gran Picea abies Emmaboda, Vitebsk, Nordost. H\u00f6jd 25 \u2013 50 cm. \u00c5lder 3 \u00e5r (1+2) och 4 \u00e5r (2+2). Barrot hybridl\u00e4rk Larix x eurolepis FP203 Holbaek, Maglehem H\u00f6jd 25 \u2013 50 cm och 51 \u2013 80 cm. \u00c5lder 2 \u00e5r (1+1).<\/p>\n","protected":false},"author":1,"featured_media":0,"parent":0,"menu_order":0,"comment_status":"closed","ping_status":"closed","template":"","meta":{"_acf_changed":false,"ocean_post_layout":"","ocean_both_sidebars_style":"","ocean_both_sidebars_content_width":0,"ocean_both_sidebars_sidebars_width":0,"ocean_sidebar":"0","ocean_second_sidebar":"0","ocean_disable_margins":"enable","ocean_add_body_class":"","ocean_shortcode_before_top_bar":"","ocean_shortcode_after_top_bar":"","ocean_shortcode_before_header":"","ocean_shortcode_after_header":"","ocean_has_shortcode":"","ocean_shortcode_after_title":"","ocean_shortcode_before_footer_widgets":"","ocean_shortcode_after_footer_widgets":"","ocean_shortcode_before_footer_bottom":"","ocean_shortcode_after_footer_bottom":"","ocean_display_top_bar":"default","ocean_display_header":"default","ocean_header_style":"","ocean_center_header_left_menu":"","ocean_custom_header_template":"","ocean_custom_logo":0,"ocean_custom_retina_logo":0,"ocean_custom_logo_max_width":0,"ocean_custom_logo_tablet_max_width":0,"ocean_custom_logo_mobile_max_width":0,"ocean_custom_logo_max_height":0,"ocean_custom_logo_tablet_max_height":0,"ocean_custom_logo_mobile_max_height":0,"ocean_header_custom_menu":"0","ocean_menu_typo_font_family":"","ocean_menu_typo_font_subset":"","ocean_menu_typo_font_size":0,"ocean_menu_typo_font_size_tablet":0,"ocean_menu_typo_font_size_mobile":0,"ocean_menu_typo_font_size_unit":"px","ocean_menu_typo_font_weight":"","ocean_menu_typo_font_weight_tablet":"","ocean_menu_typo_font_weight_mobile":"","ocean_menu_typo_transform":"","ocean_menu_typo_transform_tablet":"","ocean_menu_typo_transform_mobile":"","ocean_menu_typo_line_height":0,"ocean_menu_typo_line_height_tablet":0,"ocean_menu_typo_line_height_mobile":0,"ocean_menu_typo_line_height_unit":"","ocean_menu_typo_spacing":0,"ocean_menu_typo_spacing_tablet":0,"ocean_menu_typo_spacing_mobile":0,"ocean_menu_typo_spacing_unit":"","ocean_menu_link_color":"","ocean_menu_link_color_hover":"","ocean_menu_link_color_active":"","ocean_menu_link_background":"","ocean_menu_link_hover_background":"","ocean_menu_link_active_background":"","ocean_menu_social_links_bg":"","ocean_menu_social_hover_links_bg":"","ocean_menu_social_links_color":"","ocean_menu_social_hover_links_color":"","ocean_disable_title":"default","ocean_disable_heading":"default","ocean_post_title":"","ocean_post_subheading":"","ocean_post_title_style":"","ocean_post_title_background_color":"","ocean_post_title_background":0,"ocean_post_title_bg_image_position":"","ocean_post_title_bg_image_attachment":"","ocean_post_title_bg_image_repeat":"","ocean_post_title_bg_image_size":"","ocean_post_title_height":0,"ocean_post_title_bg_overlay":0.5,"ocean_post_title_bg_overlay_color":"","ocean_disable_breadcrumbs":"default","ocean_breadcrumbs_color":"","ocean_breadcrumbs_separator_color":"","ocean_breadcrumbs_links_color":"","ocean_breadcrumbs_links_hover_color":"","ocean_display_footer_widgets":"default","ocean_display_footer_bottom":"default","ocean_custom_footer_template":"","footnotes":""},"class_list":["post-902","page","type-page","status-publish","hentry","entry"],"acf":[],"_links":{"self":[{"href":"https:\/\/systemseparation.ee\/mets\/wp-json\/wp\/v2\/pages\/902","targetHints":{"allow":["GET"]}}],"collection":[{"href":"https:\/\/systemseparation.ee\/mets\/wp-json\/wp\/v2\/pages"}],"about":[{"href":"https:\/\/systemseparation.ee\/mets\/wp-json\/wp\/v2\/types\/page"}],"author":[{"embeddable":true,"href":"https:\/\/systemseparation.ee\/mets\/wp-json\/wp\/v2\/users\/1"}],"replies":[{"embeddable":true,"href":"https:\/\/systemseparation.ee\/mets\/wp-json\/wp\/v2\/comments?post=902"}],"version-history":[{"count":1,"href":"https:\/\/systemseparation.ee\/mets\/wp-json\/wp\/v2\/pages\/902\/revisions"}],"predecessor-version":[{"id":903,"href":"https:\/\/systemseparation.ee\/mets\/wp-json\/wp\/v2\/pages\/902\/revisions\/903"}],"wp:attachment":[{"href":"https:\/\/systemseparation.ee\/mets\/wp-json\/wp\/v2\/media?parent=902"}],"curies":[{"name":"wp","href":"https:\/\/api.w.org\/{rel}","templated":true}]}}