{"id":95,"date":"2019-09-26T12:53:09","date_gmt":"2019-09-26T12:53:09","guid":{"rendered":"https:\/\/ss.turism.ee\/?page_id=95"},"modified":"2025-12-04T08:48:02","modified_gmt":"2025-12-04T08:48:02","slug":"kontaktid","status":"publish","type":"page","link":"https:\/\/systemseparation.ee\/mets\/kontaktid\/","title":{"rendered":"Kontaktid"},"content":{"rendered":"\n<div class=\"wp-block-columns has-2-columns is-layout-flex wp-container-core-columns-is-layout-9d6595d7 wp-block-columns-is-layout-flex\">\n<div class=\"wp-block-column is-layout-flow wp-block-column-is-layout-flow\">\n<p><strong>Systemseparation Ltd<\/strong><br>Postiaadress Uus 57-4<br>Tartu 50603<br>KM nr. EE101130646<br>E-post: info@systemseparation.ee<\/p>\n<\/div>\n\n\n\n<div class=\"wp-block-column is-layout-flow wp-block-column-is-layout-flow\">\n<p>Tanel Vaasma<br>Mob: +37255526619<\/p>\n\n\n\n<p>Ain Piller<br>Mob: +37258222000<\/p>\n\n\n\n<p><\/p>\n<\/div>\n<\/div>\n\n\n\n<p>\u201cTrico\u201d v\u00e4ljastamine ettetellimisel Tallinnas, Tartus, P\u00e4rnus ja Rakveres.<\/p>\n\n\n\n<p class=\"has-text-align-left\"><strong>Trico edasim\u00fc\u00fcjad:<\/strong><\/p>\n\n\n\n<div class=\"wp-block-columns has-2-columns is-layout-flex wp-container-core-columns-is-layout-9d6595d7 wp-block-columns-is-layout-flex\">\n<div class=\"wp-block-column is-layout-flow wp-block-column-is-layout-flow\">\n<p><strong>P\u00f5lvas:<\/strong><br>P\u00f5lvamaa Metsa\u00fchistu<br>Kase tn. 2 P\u00f5lva<br>Tel: +372 79 92515<br>E-post: polvamaa@metsauhistu.ee<\/p>\n<\/div>\n\n\n\n<div class=\"wp-block-column is-layout-flow wp-block-column-is-layout-flow\">\n<p><strong>Saaremaal:<\/strong><br>Tr\u00e4x O\u00dc<br>Pargi tn 26 Orissaare alevik<br>Kauplus: Kuivastu mnt 3B Saaremaa<br>Tel: 4529051<\/p>\n<\/div>\n<\/div>\n\n\n\n<div class=\"wp-block-columns has-2-columns is-layout-flex wp-container-core-columns-is-layout-9d6595d7 wp-block-columns-is-layout-flex\">\n<div class=\"wp-block-column is-layout-flow wp-block-column-is-layout-flow\">\n<p><strong>Koost\u00f6\u00f6partner ning edasim\u00fc\u00fcja Leedus:<\/strong><\/p>\n\n\n\n<p>UAB \u201cParku Technika\u201d<br>Raudondvario pl. 76 , Kaunas<br>Mob. tel.: +370 614 79468<br>E-mail: info@parkutechnika.lt http:\/\/miskams.parkutechnika.lt\/<\/p>\n<\/div>\n\n\n\n<div class=\"wp-block-column is-layout-flow wp-block-column-is-layout-flow\">\n<p><strong>Koost\u00f6\u00f6partner ning edasim\u00fc\u00fcja L\u00e4tis:<\/strong><\/p>\n\n\n\n<p>\u201cAmerican Equipment &amp; Supply\u201d, Ltd<br>\nLomonosova 1, k.18<br>\nRiia, L\u00e4ti, LV-1019<br>\nTel: +37167100542<br>\nFax +37167100543<br>\nE-mail info@aes.lv<\/p>\n<\/div>\n<\/div>\n\n\n\n<div class=\"wp-block-columns has-2-columns is-layout-flex wp-container-core-columns-is-layout-9d6595d7 wp-block-columns-is-layout-flex\">\n<div class=\"wp-block-column is-layout-flow wp-block-column-is-layout-flow\">\n<p><\/p>\n\n\n\n<p><\/p>\n<\/div>\n\n\n\n<div class=\"wp-block-column is-layout-flow wp-block-column-is-layout-flow\"><\/div>\n<\/div>\n","protected":false},"excerpt":{"rendered":"<p>Systemseparation LtdPostiaadress Uus 57-4Tartu 50603KM nr. EE101130646E-post: info@systemseparation.ee Tanel VaasmaMob: +37255526619 Ain PillerMob: +37258222000 \u201cTrico\u201d v\u00e4ljastamine ettetellimisel Tallinnas, Tartus, P\u00e4rnus ja Rakveres. Trico edasim\u00fc\u00fcjad: P\u00f5lvas:P\u00f5lvamaa Metsa\u00fchistuKase tn. 2 P\u00f5lvaTel: +372 79 92515E-post: polvamaa@metsauhistu.ee Saaremaal:Tr\u00e4x O\u00dcPargi tn 26 Orissaare alevikKauplus: Kuivastu mnt 3B SaaremaaTel: 4529051 Koost\u00f6\u00f6partner ning edasim\u00fc\u00fcja Leedus: UAB \u201cParku Technika\u201dRaudondvario pl. 76 , KaunasMob. [&hellip;]<\/p>\n","protected":false},"author":1,"featured_media":0,"parent":0,"menu_order":0,"comment_status":"closed","ping_status":"closed","template":"","meta":{"_acf_changed":false,"ocean_post_layout":"full-width","ocean_both_sidebars_style":"","ocean_both_sidebars_content_width":0,"ocean_both_sidebars_sidebars_width":0,"ocean_sidebar":"0","ocean_second_sidebar":"0","ocean_disable_margins":"enable","ocean_add_body_class":"","ocean_shortcode_before_top_bar":"","ocean_shortcode_after_top_bar":"","ocean_shortcode_before_header":"","ocean_shortcode_after_header":"","ocean_has_shortcode":"","ocean_shortcode_after_title":"","ocean_shortcode_before_footer_widgets":"","ocean_shortcode_after_footer_widgets":"","ocean_shortcode_before_footer_bottom":"","ocean_shortcode_after_footer_bottom":"","ocean_display_top_bar":"default","ocean_display_header":"default","ocean_header_style":"","ocean_center_header_left_menu":"","ocean_custom_header_template":"","ocean_custom_logo":0,"ocean_custom_retina_logo":0,"ocean_custom_logo_max_width":0,"ocean_custom_logo_tablet_max_width":0,"ocean_custom_logo_mobile_max_width":0,"ocean_custom_logo_max_height":0,"ocean_custom_logo_tablet_max_height":0,"ocean_custom_logo_mobile_max_height":0,"ocean_header_custom_menu":"0","ocean_menu_typo_font_family":"","ocean_menu_typo_font_subset":"","ocean_menu_typo_font_size":0,"ocean_menu_typo_font_size_tablet":0,"ocean_menu_typo_font_size_mobile":0,"ocean_menu_typo_font_size_unit":"px","ocean_menu_typo_font_weight":"","ocean_menu_typo_font_weight_tablet":"","ocean_menu_typo_font_weight_mobile":"","ocean_menu_typo_transform":"","ocean_menu_typo_transform_tablet":"","ocean_menu_typo_transform_mobile":"","ocean_menu_typo_line_height":0,"ocean_menu_typo_line_height_tablet":0,"ocean_menu_typo_line_height_mobile":0,"ocean_menu_typo_line_height_unit":"","ocean_menu_typo_spacing":0,"ocean_menu_typo_spacing_tablet":0,"ocean_menu_typo_spacing_mobile":0,"ocean_menu_typo_spacing_unit":"","ocean_menu_link_color":"","ocean_menu_link_color_hover":"","ocean_menu_link_color_active":"","ocean_menu_link_background":"","ocean_menu_link_hover_background":"","ocean_menu_link_active_background":"","ocean_menu_social_links_bg":"","ocean_menu_social_hover_links_bg":"","ocean_menu_social_links_color":"","ocean_menu_social_hover_links_color":"","ocean_disable_title":"default","ocean_disable_heading":"default","ocean_post_title":"","ocean_post_subheading":"","ocean_post_title_style":"background-image","ocean_post_title_background_color":"","ocean_post_title_background":0,"ocean_post_title_bg_image_position":"","ocean_post_title_bg_image_attachment":"","ocean_post_title_bg_image_repeat":"","ocean_post_title_bg_image_size":"","ocean_post_title_height":0,"ocean_post_title_bg_overlay":0.5,"ocean_post_title_bg_overlay_color":"","ocean_disable_breadcrumbs":"default","ocean_breadcrumbs_color":"","ocean_breadcrumbs_separator_color":"","ocean_breadcrumbs_links_color":"","ocean_breadcrumbs_links_hover_color":"","ocean_display_footer_widgets":"default","ocean_display_footer_bottom":"default","ocean_custom_footer_template":"","footnotes":""},"class_list":["post-95","page","type-page","status-publish","hentry","entry"],"acf":[],"_links":{"self":[{"href":"https:\/\/systemseparation.ee\/mets\/wp-json\/wp\/v2\/pages\/95","targetHints":{"allow":["GET"]}}],"collection":[{"href":"https:\/\/systemseparation.ee\/mets\/wp-json\/wp\/v2\/pages"}],"about":[{"href":"https:\/\/systemseparation.ee\/mets\/wp-json\/wp\/v2\/types\/page"}],"author":[{"embeddable":true,"href":"https:\/\/systemseparation.ee\/mets\/wp-json\/wp\/v2\/users\/1"}],"replies":[{"embeddable":true,"href":"https:\/\/systemseparation.ee\/mets\/wp-json\/wp\/v2\/comments?post=95"}],"version-history":[{"count":3,"href":"https:\/\/systemseparation.ee\/mets\/wp-json\/wp\/v2\/pages\/95\/revisions"}],"predecessor-version":[{"id":1060,"href":"https:\/\/systemseparation.ee\/mets\/wp-json\/wp\/v2\/pages\/95\/revisions\/1060"}],"wp:attachment":[{"href":"https:\/\/systemseparation.ee\/mets\/wp-json\/wp\/v2\/media?parent=95"}],"curies":[{"name":"wp","href":"https:\/\/api.w.org\/{rel}","templated":true}]}}