{"id":39,"date":"2024-09-03T19:43:03","date_gmt":"2024-09-03T19:43:03","guid":{"rendered":"https:\/\/dev.systemseparation.ee\/pold\/?page_id=39"},"modified":"2024-11-08T09:05:10","modified_gmt":"2024-11-08T09:05:10","slug":"ettevottest","status":"publish","type":"page","link":"https:\/\/systemseparation.ee\/pold\/ettevottest\/","title":{"rendered":"Ettev\u00f5ttest"},"content":{"rendered":"\n<p>Systemseparation O\u00dc tegevusvaldkondadeks on v\u00e4etamine, bioloogiliste taimekaitsevahendite ja taimekasvu stimulaatorite m\u00fc\u00fck, arendamine ja tootmine, metsataimede kasvatamine, majandusmetsa taastamine, metsahooldus. Ettev\u00f5te turustab Eestis Elixir Zorka (Serbia) MICRO GRAN tootesarja mikrogranuleeritud kompleksseid mineraalseid starterv\u00e4etisi.<\/p>\n\n\n\n<p>Elixir Group asutati 1990. aastal ning sellest ajast on pidevate investeeringute kaudu arenenud agro- ja keemiat\u00f6\u00f6stuse piirkondlikuks liidriks. Ettev\u00f5te on kasvanud pereettev\u00f5ttest \u00fcheks edukamaks kodumaiseks ettev\u00f5tteks, mis tegutseb maailma standardite j\u00e4rgi.<\/p>\n","protected":false},"excerpt":{"rendered":"<p>Systemseparation O\u00dc tegevusvaldkondadeks on v\u00e4etamine, bioloogiliste taimekaitsevahendite ja taimekasvu stimulaatorite m\u00fc\u00fck, arendamine ja tootmine, metsataimede kasvatamine, majandusmetsa taastamine, metsahooldus. Ettev\u00f5te turustab Eestis Elixir Zorka (Serbia) MICRO GRAN tootesarja mikrogranuleeritud kompleksseid mineraalseid starterv\u00e4etisi. Elixir Group asutati 1990. aastal ning sellest ajast on pidevate investeeringute kaudu arenenud agro- ja keemiat\u00f6\u00f6stuse piirkondlikuks liidriks. Ettev\u00f5te on kasvanud pereettev\u00f5ttest \u00fcheks [&hellip;]<\/p>\n","protected":false},"author":1,"featured_media":0,"parent":0,"menu_order":0,"comment_status":"closed","ping_status":"closed","template":"","meta":{"_acf_changed":false,"ocean_post_layout":"full-width","ocean_both_sidebars_style":"","ocean_both_sidebars_content_width":0,"ocean_both_sidebars_sidebars_width":0,"ocean_sidebar":"","ocean_second_sidebar":"","ocean_disable_margins":"enable","ocean_add_body_class":"","ocean_shortcode_before_top_bar":"","ocean_shortcode_after_top_bar":"","ocean_shortcode_before_header":"","ocean_shortcode_after_header":"","ocean_has_shortcode":"","ocean_shortcode_after_title":"","ocean_shortcode_before_footer_widgets":"","ocean_shortcode_after_footer_widgets":"","ocean_shortcode_before_footer_bottom":"","ocean_shortcode_after_footer_bottom":"","ocean_display_top_bar":"default","ocean_display_header":"default","ocean_header_style":"","ocean_center_header_left_menu":"","ocean_custom_header_template":"","ocean_custom_logo":0,"ocean_custom_retina_logo":0,"ocean_custom_logo_max_width":0,"ocean_custom_logo_tablet_max_width":0,"ocean_custom_logo_mobile_max_width":0,"ocean_custom_logo_max_height":0,"ocean_custom_logo_tablet_max_height":0,"ocean_custom_logo_mobile_max_height":0,"ocean_header_custom_menu":"","ocean_menu_typo_font_family":"","ocean_menu_typo_font_subset":"","ocean_menu_typo_font_size":0,"ocean_menu_typo_font_size_tablet":0,"ocean_menu_typo_font_size_mobile":0,"ocean_menu_typo_font_size_unit":"px","ocean_menu_typo_font_weight":"","ocean_menu_typo_font_weight_tablet":"","ocean_menu_typo_font_weight_mobile":"","ocean_menu_typo_transform":"","ocean_menu_typo_transform_tablet":"","ocean_menu_typo_transform_mobile":"","ocean_menu_typo_line_height":0,"ocean_menu_typo_line_height_tablet":0,"ocean_menu_typo_line_height_mobile":0,"ocean_menu_typo_line_height_unit":"","ocean_menu_typo_spacing":0,"ocean_menu_typo_spacing_tablet":0,"ocean_menu_typo_spacing_mobile":0,"ocean_menu_typo_spacing_unit":"","ocean_menu_link_color":"","ocean_menu_link_color_hover":"","ocean_menu_link_color_active":"","ocean_menu_link_background":"","ocean_menu_link_hover_background":"","ocean_menu_link_active_background":"","ocean_menu_social_links_bg":"","ocean_menu_social_hover_links_bg":"","ocean_menu_social_links_color":"","ocean_menu_social_hover_links_color":"","ocean_disable_title":"default","ocean_disable_heading":"default","ocean_post_title":"","ocean_post_subheading":"","ocean_post_title_style":"","ocean_post_title_background_color":"","ocean_post_title_background":0,"ocean_post_title_bg_image_position":"","ocean_post_title_bg_image_attachment":"","ocean_post_title_bg_image_repeat":"","ocean_post_title_bg_image_size":"","ocean_post_title_height":0,"ocean_post_title_bg_overlay":0.5,"ocean_post_title_bg_overlay_color":"","ocean_disable_breadcrumbs":"default","ocean_breadcrumbs_color":"","ocean_breadcrumbs_separator_color":"","ocean_breadcrumbs_links_color":"","ocean_breadcrumbs_links_hover_color":"","ocean_display_footer_widgets":"default","ocean_display_footer_bottom":"default","ocean_custom_footer_template":"","footnotes":""},"class_list":["post-39","page","type-page","status-publish","hentry","entry"],"acf":[],"_links":{"self":[{"href":"https:\/\/systemseparation.ee\/pold\/wp-json\/wp\/v2\/pages\/39","targetHints":{"allow":["GET"]}}],"collection":[{"href":"https:\/\/systemseparation.ee\/pold\/wp-json\/wp\/v2\/pages"}],"about":[{"href":"https:\/\/systemseparation.ee\/pold\/wp-json\/wp\/v2\/types\/page"}],"author":[{"embeddable":true,"href":"https:\/\/systemseparation.ee\/pold\/wp-json\/wp\/v2\/users\/1"}],"replies":[{"embeddable":true,"href":"https:\/\/systemseparation.ee\/pold\/wp-json\/wp\/v2\/comments?post=39"}],"version-history":[{"count":4,"href":"https:\/\/systemseparation.ee\/pold\/wp-json\/wp\/v2\/pages\/39\/revisions"}],"predecessor-version":[{"id":90,"href":"https:\/\/systemseparation.ee\/pold\/wp-json\/wp\/v2\/pages\/39\/revisions\/90"}],"wp:attachment":[{"href":"https:\/\/systemseparation.ee\/pold\/wp-json\/wp\/v2\/media?parent=39"}],"curies":[{"name":"wp","href":"https:\/\/api.w.org\/{rel}","templated":true}]}}